{"id":2,"date":"2016-05-10T03:48:21","date_gmt":"2016-05-10T03:48:21","guid":{"rendered":"http:\/\/hambach-suiten.de\/?page_id=2"},"modified":"2018-05-26T20:35:35","modified_gmt":"2018-05-26T20:35:35","slug":"sample-page","status":"publish","type":"page","link":"https:\/\/hambach-suiten.de\/","title":{"rendered":"Hambach Suiten"},"content":{"rendered":"<p><strong>Wer das Besondere sucht, der ist hier Zuhause.<\/strong><\/p>\n<p>Dieses Wohngebiet wird insbesondere von anspruchsvollen Menschen wegen der ruhigen und sonnigen Lage, der guten Luftqualit\u00e4t, dem hohen Erholungswert und nicht zuletzt wegen des gepflegten Umfeldes sehr gesch\u00e4tzt. Nah zur Natur am Pf\u00e4lzer Waldrand b\u00fcrgt diese Immobilie mit nur 5 Parteien f\u00fcr Wohnqualit\u00e4t: \u201eWohnen wie im Urlaub\u201c<\/p>\n<p>Neustadt an der Weinstrasse ist eine Stadt mit ca. 50.000 Einwohnern. Sie liegt eingebettet von Weinbergen zwischen dem Haardtgebirge und der Rheinebene. Grundschule, integrierte Gesamtschule, Realschule und drei verschiedene Gymnasien ,eine berufsbildende und internationale Schule sowie viele kulturelle Einrichtungen machen Neustadt zum idealen Wohnort. Es bestehen sehr gute Verkehrsanbindungen in alle Richtungen, beste Bahnanbindungen (S-Bahn) sind vorhanden. Die St\u00e4dte Karlsruhe, Mannheim, Ludwigshafen und Kaiserslautern erreichen Sie in ca. 20-30 Minuten. das Stadtzentrum ist nur wenige Minuten entfernt.<\/p>\n<p>Gesch\u00e4fte des t\u00e4glichen Bedarfs, Kinderkrippe, Kinderg\u00e4rten, Schulen sowie Arztpraxen sind fussl\u00e4ufig zu erreichen. Anschluss von Kabel Deutschland \/ Vodafone &#8211; TV, Telefon, Internet &#8211; max. 400 mbit\/s im Download.<\/p>\n","protected":false},"excerpt":{"rendered":"<p>Wer das Besondere sucht, der ist hier Zuhause. Dieses Wohngebiet wird insbesondere von anspruchsvollen Menschen wegen der ruhigen und sonnigen Lage, der guten Luftqualit\u00e4t, dem hohen Erholungswert und nicht zuletzt wegen des gepflegten Umfeldes sehr gesch\u00e4tzt. Nah zur Natur am Pf\u00e4lzer Waldrand b\u00fcrgt diese Immobilie mit nur 5 Parteien f\u00fcr Wohnqualit\u00e4t: \u201eWohnen wie im Urlaub\u201c &hellip; <\/p>\n<p class=\"link-more\"><a href=\"https:\/\/hambach-suiten.de\/\" class=\"more-link\"><span class=\"screen-reader-text\">\u201eHambach Suiten\u201c<\/span> weiterlesen<\/a><\/p>\n","protected":false},"author":1,"featured_media":0,"parent":0,"menu_order":0,"comment_status":"closed","ping_status":"closed","template":"","meta":{"footnotes":""},"class_list":["post-2","page","type-page","status-publish","hentry"],"_links":{"self":[{"href":"https:\/\/hambach-suiten.de\/index.php?rest_route=\/wp\/v2\/pages\/2","targetHints":{"allow":["GET"]}}],"collection":[{"href":"https:\/\/hambach-suiten.de\/index.php?rest_route=\/wp\/v2\/pages"}],"about":[{"href":"https:\/\/hambach-suiten.de\/index.php?rest_route=\/wp\/v2\/types\/page"}],"author":[{"embeddable":true,"href":"https:\/\/hambach-suiten.de\/index.php?rest_route=\/wp\/v2\/users\/1"}],"replies":[{"embeddable":true,"href":"https:\/\/hambach-suiten.de\/index.php?rest_route=%2Fwp%2Fv2%2Fcomments&post=2"}],"version-history":[{"count":13,"href":"https:\/\/hambach-suiten.de\/index.php?rest_route=\/wp\/v2\/pages\/2\/revisions"}],"predecessor-version":[{"id":241,"href":"https:\/\/hambach-suiten.de\/index.php?rest_route=\/wp\/v2\/pages\/2\/revisions\/241"}],"wp:attachment":[{"href":"https:\/\/hambach-suiten.de\/index.php?rest_route=%2Fwp%2Fv2%2Fmedia&parent=2"}],"curies":[{"name":"wp","href":"https:\/\/api.w.org\/{rel}","templated":true}]}}